{"id":41,"date":"2021-08-16T16:24:41","date_gmt":"2021-08-16T14:24:41","guid":{"rendered":"https:\/\/mostviertler-waescherei.at\/website\/?page_id=41"},"modified":"2023-02-21T11:23:47","modified_gmt":"2023-02-21T10:23:47","slug":"home","status":"publish","type":"page","link":"https:\/\/mostviertler-waescherei.at\/website\/","title":{"rendered":"Home"},"content":{"rendered":"\n\n\t\t\t\t<img decoding=\"async\" loading=\"lazy\" src=\"https:\/\/mostviertler-waescherei.at\/wp-content\/uploads\/2021\/08\/Icon_Logo-1.png\" alt=\"Icon_Logo\" itemprop=\"image\" height=\"400\" width=\"400\" title=\"Icon_Logo\" onerror=\"this.style.display='none'\"  \/>\n<h1>\n\t\tWir wollen Ihnen<br \/>an die W\u00e4sche!\n\t<\/h1>\n\t\t<h1>Dienstleistungen<\/h1>\t\t\n\t<p>Sauber zusammengefasst k\u00f6nnen wir eines versprechen: Wir bringen Ihre W\u00e4sche zu uns rein, bringen diese rein und bringen Ihre W\u00e4sche rein zu Ihnen raus. Der Qualit\u00e4t und der Umwelt verpflichtet.<\/p>\n\t\t\t\t<img decoding=\"async\" loading=\"lazy\" src=\"https:\/\/mostviertler-waescherei.at\/wp-content\/uploads\/2021\/08\/Industrie_Icon-1-300x300.png\" alt=\"Industrie_Icon\" itemprop=\"image\" height=\"300\" width=\"300\" title=\"Industrie_Icon\" onerror=\"this.style.display='none'\"  \/>\n<h2>Industrie<\/h2>\t\t\n\t\t\tEine saubere Montur hinterl\u00e4sst einen sauberen Eindruck.<br \/>\nIhre Arbeitskleidung ist unsere Arbeit. Diese schonen wir, genauso wie Ihre Zeit.\n\t\t\t\t<img decoding=\"async\" loading=\"lazy\" src=\"https:\/\/mostviertler-waescherei.at\/wp-content\/uploads\/2021\/08\/Hotellerie_Icon-1-300x300.png\" alt=\"Hotellerie_Icon\" itemprop=\"image\" height=\"300\" width=\"300\" title=\"Hotellerie_Icon\" onerror=\"this.style.display='none'\"  \/>\n<h2>Hotellerie<\/h2>\t\t\n\t\t\tVon Tisch und Bett getrennt wird Ihre W\u00e4sche, wenn Sie zu uns kommt.<br \/>\nAber nur kurz, dann wird bl\u00fctenwei\u00df geliefert.<br \/>\nHygienische Frische f\u00fcr Gast und Personal.\n\t\t\t\t<img decoding=\"async\" loading=\"lazy\" src=\"https:\/\/mostviertler-waescherei.at\/wp-content\/uploads\/2021\/08\/Gastronomie_Icon-1-300x300.png\" alt=\"Gastronomie_Icon\" itemprop=\"image\" height=\"300\" width=\"300\" title=\"Gastronomie_Icon\" onerror=\"this.style.display='none'\"  \/>\n<h2>Gastronomie<\/h2>\t\t\n\t\t\tDer erste Eindruck: sauber, sauber.<br \/>\nDaf\u00fcr stehen wir, denn wir lieben sauber.<br \/>\nWir g\u00f6nnen Ihrer W\u00e4sche ein bisschen Wellness.\n\t\t\t\t<img decoding=\"async\" loading=\"lazy\" src=\"https:\/\/mostviertler-waescherei.at\/wp-content\/uploads\/2021\/08\/Gewerbe_Icon-1-300x300.png\" alt=\"Gewerbe_Icon\" itemprop=\"image\" height=\"300\" width=\"300\" title=\"Gewerbe_Icon\" onerror=\"this.style.display='none'\"  \/>\n<h2>Gewerbe<\/h2>\t\t\n\t\t\tLohnw\u00e4sche und Mietw\u00e4sche f\u00fcr Sie.<br \/>\nLieferung und Abholung.<br \/>\nWaschen, Trocknen, Legen in Bestzeit.<br \/>\nMit uns kommen Sie am schnellsten vom Fleck weg.\n\t\t\t\t<img decoding=\"async\" loading=\"lazy\" src=\"https:\/\/mostviertler-waescherei.at\/wp-content\/uploads\/2021\/08\/Icon_Logo-1.png\" alt=\"Icon_Logo\" itemprop=\"image\" height=\"400\" width=\"400\" title=\"Icon_Logo\" onerror=\"this.style.display='none'\"  \/>\n<h1>\n\t\tBei uns kommt<br \/>alles nur rein raus!\n\t<\/h1>\n\t\t<h1>Unternehmen<\/h1>\t\t\n\t<p>Wir sind ein frisches Unternehmen, eine W\u00e4scherei mitten im Mostviertel, in Amstetten. Wir st\u00e4rken unsere Region und auf Wunsch auch Ihre W\u00e4sche. Unser Auftrag ist es, Ihre Auftr\u00e4ge mit innovativer Technologie und umweltschonend auszuf\u00fchren. Zertifiziert und nachhaltig sind unsere Wasch- und Bearbeitungsprozesse. Hygienisch sauber sind die Ergebnisse, unterst\u00fctzt durch ein vollvernetztes Logistiksystem. Abholung, Reinigung, Pflege und Lieferung werden individuell an Ihre Bed\u00fcrfnisse angepasst. Passen wird Ihnen auch unsere Berufsbekleidung f\u00fcr Industrie und Gewerbe, genauso wie unser Miet- und Lohnw\u00e4sche-Service f\u00fcr Hotellerie und Gastronomie.<\/p>\n<p>Sie haben Interesse an unseren frischen Leistungen? Sie haben noch die eine oder auch die andere Frage rund um unsere Services? Ein Anruf gen\u00fcgt, ein Mail ebenso und schon bin ich auf dem Weg zu Ihnen.<\/p>\n<p>Mit sonnigen Gr\u00fc\u00dfen und auf ein pers\u00f6nliches Kennenlernen<\/p>\nBirgit Holzm\u00fcller<br \/>\nVertriebsleitung und Assistenz der Gesch\u00e4ftsleitung\n\t\t\t\t<img decoding=\"async\" loading=\"lazy\" src=\"https:\/\/mostviertler-waescherei.at\/wp-content\/uploads\/2021\/08\/Icon_Logo-1.png\" alt=\"Icon_Logo\" itemprop=\"image\" height=\"400\" width=\"400\" title=\"Icon_Logo\" onerror=\"this.style.display='none'\"  \/>\n<h1>\n\t\tWir lieben sauber!\n\t<\/h1>\n\t\t<h2>Kontakt<\/h2>\t\t\n\t<strong>WHK GmbH<\/strong><br \/>\n<a href=\"https:\/\/goo.gl\/maps\/aLHc6Rvw61vbUHBb8\" target=\"_blank\" rel=\"noopener\">Dieselstra\u00dfe 12 A | 3362 Amstetten\/Mauer<\/a><br \/>\nTel.: <a href=\"tel:+436641334340\">+43 (0) 664 \/ 133 43 40<\/a><br \/>\n<a href=\"mailto:buero@mostviertler-waescherei.at\">buero@mostviertler-waescherei.at<\/a><br \/>\n<a href=\"https:\/\/www.mostviertler-waescherei.at\" target=\"_blank\" rel=\"noopener\">www.mostviertler-waescherei.at<\/a>\n\t<iframe src=\"https:\/\/www.google.com\/maps\/embed\/v1\/place?q=Dieselstra%C3%9Fe+12+a+%7C+3362+Mauer+%2F+Amstetten%EF%BB%BF&#038;key=AIzaSyD09zQ9PNDNNy9TadMuzRV_UsPUoWKntt8\" aria-hidden=\"true\"><\/iframe>\n\n","protected":false},"excerpt":{"rendered":"<p>Wir wollen Ihnenan die W\u00e4sche! Dienstleistungen Sauber zusammengefasst k\u00f6nnen wir eines versprechen: Wir bringen Ihre W\u00e4sche zu uns rein, bringen diese rein und bringen Ihre W\u00e4sche rein zu Ihnen raus. Der Qualit\u00e4t und der Umwelt verpflichtet. Industrie Eine saubere Montur hinterl\u00e4sst einen sauberen Eindruck. Ihre Arbeitskleidung ist unsere Arbeit. Diese schonen wir, genauso wie Ihre&hellip;<\/p>\n","protected":false},"author":1,"featured_media":0,"parent":0,"menu_order":0,"comment_status":"closed","ping_status":"closed","template":"","meta":[],"aioseo_notices":[],"_links":{"self":[{"href":"https:\/\/mostviertler-waescherei.at\/website\/wp-json\/wp\/v2\/pages\/41"}],"collection":[{"href":"https:\/\/mostviertler-waescherei.at\/website\/wp-json\/wp\/v2\/pages"}],"about":[{"href":"https:\/\/mostviertler-waescherei.at\/website\/wp-json\/wp\/v2\/types\/page"}],"author":[{"embeddable":true,"href":"https:\/\/mostviertler-waescherei.at\/website\/wp-json\/wp\/v2\/users\/1"}],"replies":[{"embeddable":true,"href":"https:\/\/mostviertler-waescherei.at\/website\/wp-json\/wp\/v2\/comments?post=41"}],"version-history":[{"count":10,"href":"https:\/\/mostviertler-waescherei.at\/website\/wp-json\/wp\/v2\/pages\/41\/revisions"}],"predecessor-version":[{"id":96,"href":"https:\/\/mostviertler-waescherei.at\/website\/wp-json\/wp\/v2\/pages\/41\/revisions\/96"}],"wp:attachment":[{"href":"https:\/\/mostviertler-waescherei.at\/website\/wp-json\/wp\/v2\/media?parent=41"}],"curies":[{"name":"wp","href":"https:\/\/api.w.org\/{rel}","templated":true}]}}